{"id":158759,"date":"2026-02-04T03:38:13","date_gmt":"2026-02-04T02:38:13","guid":{"rendered":"https:\/\/chnks.pl\/polityka-plikow-cookie\/"},"modified":"2026-02-04T03:38:13","modified_gmt":"2026-02-04T02:38:13","slug":"polityka-plikow-cookie","status":"publish","type":"page","link":"https:\/\/hotelcynamon.pl\/en\/polityka-plikow-cookie\/","title":{"rendered":"Polityka plik\u00f3w cookie"},"content":{"rendered":"<p>Niniejsza Polityka plik\u00f3w cookie wyja\u015bnia, czym s\u0105 pliki cookie i w jaki spos\u00f3b u\u017cywamy ich na <strong>Hotele w Polsce<\/strong>. Przegl\u0105daj\u0105c nasz\u0105 domen\u0119, akceptujesz u\u017cywanie plik\u00f3w cookie na warunkach opisanych w niniejszej polityce.<\/p>\n<p>Wi\u0119cej informacji na temat sposobu, w jaki u\u017cywamy, przechowujemy i chronimy Twoje dane osobowe, znajdziesz w naszej <a href=\"https:\/\/hotelcynamon.pl\/en\/polityka-prywatnosci\/\">Polityka prywatno\u015bci<\/a>.<\/p>\n<h2>Czym s\u0105 pliki cookie?<\/h2>\n<p>Pliki cookie to ma\u0142e pliki tekstowe, kt\u00f3re odwiedzane przez Ciebie strony internetowe umieszczaj\u0105 na Twoim urz\u0105dzeniu (komputerze, tablecie lub telefonie kom\u00f3rkowym). S\u0142u\u017c\u0105 one do sprawnego dzia\u0142ania stron internetowych, zapami\u0119tywania Twoich preferencji oraz personalizowania tre\u015bci i reklam.<\/p>\n<h2>Rodzaje plik\u00f3w cookie, kt\u00f3rych u\u017cywamy i ich cel<\/h2>\n<p>U\u017cywamy r\u00f3\u017cnych rodzaj\u00f3w plik\u00f3w cookie w zale\u017cno\u015bci od ich celu, czasu trwania i domeny, kt\u00f3ra nimi zarz\u0105dza. Poni\u017cej przedstawiamy szczeg\u00f3\u0142owy opis g\u0142\u00f3wnych kategorii:<\/p>\n<ul>\n<li>\n<p><strong>Niezb\u0119dne\/Konieczne pliki cookie:<\/strong> S\u0105 one niezb\u0119dne do podstawowego funkcjonowania witryny, umo\u017cliwiaj\u0105c nawigacj\u0119 i korzystanie z kluczowych funkcji.<\/p>\n<\/li>\n<li>\n<p><strong>Funkcjonalne pliki cookie:<\/strong> Pozwalaj\u0105 stronie internetowej zapami\u0119ta\u0107 wybrane przez Ciebie opcje (takie jak j\u0119zyk lub region) oraz zapewni\u0107 rozszerzone i bardziej spersonalizowane funkcje.<\/p>\n<\/li>\n<li>\n<p><strong>Analityczne i wydajno\u015bciowe pliki cookie:<\/strong> Zbieraj\u0105 anonimowe informacje o tym, jak u\u017cytkownicy korzystaj\u0105 z naszej strony (najcz\u0119\u015bciej odwiedzane strony, b\u0142\u0119dy itp.), aby pom\u00f3c nam ulepszy\u0107 jej dzia\u0142anie.<\/p>\n<\/li>\n<li>\n<p><strong>Reklamowe lub targetuj\u0105ce pliki cookie:<\/strong> S\u0142u\u017c\u0105 do dostarczania reklam, kt\u00f3re s\u0105 bardziej trafne dla Ciebie i Twoich zainteresowa\u0144. S\u0105 cz\u0119sto umieszczane przez sieci reklamowe za nasz\u0105 zgod\u0105.<\/p>\n<\/li>\n<\/ul>\n<h2>Tabela u\u017cywanych przez nas plik\u00f3w cookie<\/h2>\n<p>Poni\u017cej przedstawiamy szczeg\u00f3\u0142y najcz\u0119\u015bciej u\u017cywanych przez nas plik\u00f3w cookie na naszej stronie. Nale\u017cy pami\u0119ta\u0107, \u017ce ta lista mo\u017ce si\u0119 r\u00f3\u017cni\u0107 i jest okresowo aktualizowana.<\/p>\n<div class=\"overflow-x-auto\">\n<table>\n<thead>\n<tr>\n<th>Imi\u0119<\/th>\n<th>Dostawca<\/th>\n<th>Cel<\/th>\n<th>Czas trwania<\/th>\n<th>Typ<\/th>\n<\/tr>\n<\/thead>\n<tbody>\n<tr>\n<td><strong>_ga<\/strong><\/td>\n<td>Google Analytics<\/td>\n<td>S\u0142u\u017cy do rozr\u00f3\u017cniania u\u017cytkownik\u00f3w i anonimowego analizowania ruchu na stronie.<\/td>\n<td>2 lata<\/td>\n<td>Analityka<\/td>\n<\/tr>\n<tr>\n<td><strong>session_id<\/strong><\/td>\n<td>Hotele w Polsce<\/td>\n<td>Utrzymuje aktywn\u0105 sesj\u0119 u\u017cytkownika podczas nawigacji.<\/td>\n<td>Sesja<\/td>\n<td>Niezb\u0119dne<\/td>\n<\/tr>\n<tr>\n<td><strong>cookie_consent<\/strong><\/td>\n<td>Hotele w Polsce<\/td>\n<td>Przechowuje status zgody u\u017cytkownika na pliki cookie.<\/td>\n<td>1 rok<\/td>\n<td>Funkcjonalne<\/td>\n<\/tr>\n<tr>\n<td><strong>_gid<\/strong><\/td>\n<td>Google Analytics<\/td>\n<td>Rejestruje unikalny identyfikator do generowania danych statystycznych.<\/td>\n<td>24 godziny<\/td>\n<td>Analityka<\/td>\n<\/tr>\n<tr>\n<td><strong>ad_prefs<\/strong><\/td>\n<td>AdSense \/ Reklama<\/td>\n<td>Umo\u017cliwia personalizowanie reklam wy\u015bwietlanych u\u017cytkownikowi na podstawie jego zainteresowa\u0144.<\/td>\n<td>6 miesi\u0119cy<\/td>\n<td>Reklama<\/td>\n<\/tr>\n<\/tbody>\n<\/table>\n<\/div>\n<h2>Jak zarz\u0105dza\u0107 plikami cookie?<\/h2>\n<p>Mo\u017cesz zarz\u0105dza\u0107 swoimi preferencjami dotycz\u0105cymi plik\u00f3w cookie bezpo\u015brednio w ustawieniach przegl\u0105darki. Wi\u0119kszo\u015b\u0107 przegl\u0105darek pozwala odrzuca\u0107 lub usuwa\u0107 pliki cookie. Nale\u017cy jednak pami\u0119ta\u0107, \u017ce wy\u0142\u0105czenie plik\u00f3w cookie mo\u017ce wp\u0142yn\u0105\u0107 na funkcjonalno\u015b\u0107 witryny.<\/p>\n<p>Poni\u017cej znajduj\u0105 si\u0119 linki do stron pomocy najpopularniejszych przegl\u0105darek:<\/p>\n<ul>\n<li>Chrome: <a href=\"https:\/\/support.google.com\/accounts\/answer\/32050\" target=\"_blank\" rel=\"noopener noreferrer nofollow\">Link do pomocy Chrome<\/a><\/li>\n<li>Firefox: <a href=\"https:\/\/support.mozilla.org\/kb\/enhanced-tracking-protection-firefox-desktop\" target=\"_blank\" rel=\"noopener noreferrer nofollow\">Link do Pomocy Firefox<\/a><\/li>\n<li>Safari: <a href=\"https:\/\/support.apple.com\/guide\/safari\/manage-cookies-and-website-data-sfri11471\/mac\" target=\"_blank\" rel=\"noopener noreferrer nofollow\">Link do Pomocy Safari<\/a><\/li>\n<li>Edge: <a href=\"https:\/\/support.microsoft.com\/help\/4027947\/microsoft-edge-delete-cookies\" target=\"_blank\" rel=\"noopener noreferrer nofollow\">Link do Pomocy Edge<\/a><\/li>\n<\/ul>\n<h2>Kontakt<\/h2>\n<p>Je\u015bli masz pytania dotycz\u0105ce tej Polityki plik\u00f3w cookie, mo\u017cesz skontaktowa\u0107 si\u0119 z nami za po\u015brednictwem naszej <a href=\"https:\/\/hotelcynamon.pl\/en\/contact\/\">strona kontaktowa<\/a>.<\/p>\n","protected":false},"excerpt":{"rendered":"<p>Niniejsza Polityka plik\u00f3w cookie wyja\u015bnia, czym s\u0105 pliki cookie i w jaki spos\u00f3b u\u017cywamy ich na Hotele w Polsce. Przegl\u0105daj\u0105c nasz\u0105 domen\u0119, akceptujesz u\u017cywanie plik\u00f3w cookie na warunkach opisanych w niniejszej polityce. Wi\u0119cej informacji na temat sposobu, w jaki u\u017cywamy, przechowujemy i chronimy Twoje dane osobowe, znajdziesz w naszej Polityka prywatno\u015bci. Czym s\u0105 pliki cookie?<a href=\"https:\/\/hotelcynamon.pl\/en\/polityka-plikow-cookie\/\">Continue reading <span class=\"sr-only\">&#8220;Polityka plik\u00f3w cookie&#8221;<\/span><\/a><\/p>\n","protected":false},"author":1,"featured_media":0,"parent":0,"menu_order":0,"comment_status":"closed","ping_status":"closed","template":"","meta":{"footnotes":""},"class_list":["post-158759","page","type-page","status-publish","hentry"],"_links":{"self":[{"href":"https:\/\/hotelcynamon.pl\/en\/wp-json\/wp\/v2\/pages\/158759","targetHints":{"allow":["GET"]}}],"collection":[{"href":"https:\/\/hotelcynamon.pl\/en\/wp-json\/wp\/v2\/pages"}],"about":[{"href":"https:\/\/hotelcynamon.pl\/en\/wp-json\/wp\/v2\/types\/page"}],"author":[{"embeddable":true,"href":"https:\/\/hotelcynamon.pl\/en\/wp-json\/wp\/v2\/users\/1"}],"replies":[{"embeddable":true,"href":"https:\/\/hotelcynamon.pl\/en\/wp-json\/wp\/v2\/comments?post=158759"}],"version-history":[{"count":0,"href":"https:\/\/hotelcynamon.pl\/en\/wp-json\/wp\/v2\/pages\/158759\/revisions"}],"wp:attachment":[{"href":"https:\/\/hotelcynamon.pl\/en\/wp-json\/wp\/v2\/media?parent=158759"}],"curies":[{"name":"wp","href":"https:\/\/api.w.org\/{rel}","templated":true}]}}