{"id":158757,"date":"2026-02-04T03:38:12","date_gmt":"2026-02-04T02:38:12","guid":{"rendered":"https:\/\/chnks.pl\/polityka-prywatnosci\/"},"modified":"2026-02-04T03:38:12","modified_gmt":"2026-02-04T02:38:12","slug":"polityka-prywatnosci","status":"publish","type":"page","link":"https:\/\/hotelcynamon.pl\/en\/polityka-prywatnosci\/","title":{"rendered":"Polityka prywatno\u015bci"},"content":{"rendered":"<p>W <strong>Hotele w Polsce<\/strong>, prywatno\u015b\u0107 naszych odwiedzaj\u0105cych jest dla nas niezwykle wa\u017cna. Niniejsza polityka prywatno\u015bci opisuje, jakie informacje o Tobie zbieramy, do czego ich u\u017cywamy oraz jakie masz do nich prawa. Korzystaj\u0105c z naszej strony internetowej, akceptujesz wykorzystanie swoich danych osobowych zgodnie z niniejsz\u0105 polityk\u0105.<\/p>\n<h2>Jakie dane osobowe zbieramy i dlaczego<\/h2>\n<p>Zbieramy informacje na kilka sposob\u00f3w, kiedy wchodzisz w interakcj\u0119 z nasz\u0105 stron\u0105 internetow\u0105. Informacje mog\u0105 obejmowa\u0107:<\/p>\n<ul>\n<li>\n<p><strong>Dane, kt\u00f3re nam przekazujesz:<\/strong> Informacje takie jak Twoje imi\u0119, adres e-mail i numer telefonu, gdy wype\u0142niasz formularz kontaktowy, subskrybujesz newsletter lub rejestrujesz si\u0119 na stronie. Je\u015bli publikujesz firm\u0119, zbieramy r\u00f3wnie\u017c informacje na jej temat.<\/p>\n<\/li>\n<li>\n<p><strong>Automatycznie zbierane dane:<\/strong> Obejmuj\u0105 Tw\u00f3j adres IP, typ przegl\u0105darki, system operacyjny, odwiedzane strony, godzin\u0119 i czas sp\u0119dzony na stronie. U\u017cywamy tych informacji do analizy trend\u00f3w i poprawy do\u015bwiadcze\u0144 u\u017cytkownika.<\/p>\n<\/li>\n<li>\n<p><strong>Pliki cookie i podobne technologie:<\/strong> Wi\u0119cej informacji na ten temat znajdziesz w naszej <a href=\"https:\/\/hotelcynamon.pl\/en\/polityka-plikow-cookie\/\">Polityka plik\u00f3w cookie<\/a>.<\/p>\n<\/li>\n<\/ul>\n<h2>Podstawa prawna przetwarzania Twoich danych<\/h2>\n<p>Przetwarzanie Twoich danych osobowych opiera si\u0119 na r\u00f3\u017cnych podstawach prawnych:<\/p>\n<ul>\n<li>\n<p><strong>Twoja zgoda:<\/strong> Kiedy przekazujesz nam swoje dane osobowe, wyra\u017casz zgod\u0119 na ich gromadzenie i wykorzystywanie w tym konkretnym celu. Mo\u017cesz wycofa\u0107 swoj\u0105 zgod\u0119 w dowolnym momencie.<\/p>\n<\/li>\n<li>\n<p><strong>Uzasadnione interesy:<\/strong> Aby ulepsza\u0107 i utrzymywa\u0107 nasze us\u0142ugi, analizowa\u0107 wykorzystanie witryny i optymalizowa\u0107 jej zawarto\u015b\u0107. Nasze uzasadnione interesy nie naruszaj\u0105 Twoich praw podstawowych.<\/p>\n<\/li>\n<li>\n<p><strong>Obowi\u0105zek prawny:<\/strong> W celu spe\u0142nienia wymog\u00f3w w\u0142adz s\u0105dowych lub administracyjnych.<\/p>\n<\/li>\n<\/ul>\n<h2>Z kim udost\u0119pniamy Pa\u0144stwa dane<\/h2>\n<p>Nie sprzedajemy, nie wymieniamy ani nie przekazujemy Pa\u0144stwa danych osobowych stronom trzecim bez Pa\u0144stwa zgody. Mo\u017cemy udost\u0119pnia\u0107 Pa\u0144stwa dane:<\/p>\n<ul>\n<li>\n<p><strong>Dostawcy us\u0142ug:<\/strong> Zaufane strony trzecie, kt\u00f3re pomagaj\u0105 nam w obs\u0142udze strony internetowej (na przyk\u0142ad, hosting stron internetowych lub us\u0142ugi e-mail).<\/p>\n<\/li>\n<li>\n<p><strong>Inni u\u017cytkownicy:<\/strong> Je\u015bli opublikujesz firm\u0119 w naszym katalogu, informacje, kt\u00f3re podasz dla swojego publicznego profilu (imi\u0119 i nazwisko, adres itp.), b\u0119d\u0105 widoczne dla wszystkich odwiedzaj\u0105cych.<\/p>\n<\/li>\n<li>\n<p><strong>Wymogi prawne:<\/strong> Je\u015bli uznamy to za stosowne, aby przestrzega\u0107 prawa lub chroni\u0107 nasze prawa, w\u0142asno\u015b\u0107 lub bezpiecze\u0144stwo.<\/p>\n<\/li>\n<\/ul>\n<h2>Jak d\u0142ugo przechowujemy Twoje dane<\/h2>\n<p>B\u0119dziemy przechowywa\u0107 Twoje dane osobowe tylko tak d\u0142ugo, jak jest to konieczne do cel\u00f3w, dla kt\u00f3rych zosta\u0142y zebrane, w tym w celu spe\u0142nienia wszelkich wymog\u00f3w prawnych. Na przyk\u0142ad, b\u0119dziemy przechowywa\u0107 informacje o Twoim koncie, dop\u00f3ki jest ono aktywne, a anonimowe dane analityczne s\u0105 przechowywane przez d\u0142u\u017cszy okres w celu analizy trend\u00f3w.<\/p>\n<h2>Jakie s\u0105 Twoje prawa do Twoich danych<\/h2>\n<p>Posiadasz kilka praw w odniesieniu do Twoich danych osobowych, kt\u00f3re zobowi\u0105zujemy si\u0119 respektowa\u0107:<\/p>\n<ul>\n<li>\n<p><strong>Prawo dost\u0119pu:<\/strong> Popro\u015b o kopi\u0119 danych osobowych, kt\u00f3re posiadamy na Tw\u00f3j temat.<\/p>\n<\/li>\n<li>\n<p><strong>Prawo do sprostowania:<\/strong> \u017b\u0105daj sprostowania wszelkich niedok\u0142adnych informacji.<\/p>\n<\/li>\n<li>\n<p><strong>Prawo do usuni\u0119cia (\u201eprawo do bycia zapomnianym\u201d):<\/strong> \u017b\u0105daj usuni\u0119cia Twoich danych osobowych z naszych system\u00f3w.<\/p>\n<\/li>\n<li>\n<p><strong>Prawo do ograniczenia przetwarzania:<\/strong> \u017b\u0105daj, aby\u015bmy ograniczyli przetwarzanie Twoich informacji.<\/p>\n<\/li>\n<li>\n<p><strong>Prawo do przenoszenia danych:<\/strong> Otrzyma\u0107 swoje dane osobowe w ustrukturyzowanym formacie i przekaza\u0107 je innemu administratorowi.<\/p>\n<\/li>\n<li>\n<p><strong>Prawo do sprzeciwu:<\/strong> Wnie\u015b\u0107 sprzeciw wobec przetwarzania swoich danych, w tym marketingu bezpo\u015bredniego.<\/p>\n<\/li>\n<\/ul>\n<h2>Kontakt<\/h2>\n<p>Je\u015bli chcesz skorzysta\u0107 z kt\u00f3regokolwiek z tych praw lub masz pytania dotycz\u0105ce tej polityki, mo\u017cesz skontaktowa\u0107 si\u0119 z nami za po\u015brednictwem naszego <a href=\"https:\/\/hotelcynamon.pl\/en\/contact\/\">strona kontaktowa<\/a>.<\/p>\n","protected":false},"excerpt":{"rendered":"<p>W Hotele w Polsce, prywatno\u015b\u0107 naszych odwiedzaj\u0105cych jest dla nas niezwykle wa\u017cna. Niniejsza polityka prywatno\u015bci opisuje, jakie informacje o Tobie zbieramy, do czego ich u\u017cywamy oraz jakie masz do nich prawa. Korzystaj\u0105c z naszej strony internetowej, akceptujesz wykorzystanie swoich danych osobowych zgodnie z niniejsz\u0105 polityk\u0105. Jakie dane osobowe zbieramy i dlaczego Zbieramy informacje na kilka<a href=\"https:\/\/hotelcynamon.pl\/en\/polityka-prywatnosci\/\">Continue reading <span class=\"sr-only\">&#8220;Polityka prywatno\u015bci&#8221;<\/span><\/a><\/p>\n","protected":false},"author":1,"featured_media":0,"parent":0,"menu_order":0,"comment_status":"closed","ping_status":"closed","template":"","meta":{"footnotes":""},"class_list":["post-158757","page","type-page","status-publish","hentry"],"_links":{"self":[{"href":"https:\/\/hotelcynamon.pl\/en\/wp-json\/wp\/v2\/pages\/158757","targetHints":{"allow":["GET"]}}],"collection":[{"href":"https:\/\/hotelcynamon.pl\/en\/wp-json\/wp\/v2\/pages"}],"about":[{"href":"https:\/\/hotelcynamon.pl\/en\/wp-json\/wp\/v2\/types\/page"}],"author":[{"embeddable":true,"href":"https:\/\/hotelcynamon.pl\/en\/wp-json\/wp\/v2\/users\/1"}],"replies":[{"embeddable":true,"href":"https:\/\/hotelcynamon.pl\/en\/wp-json\/wp\/v2\/comments?post=158757"}],"version-history":[{"count":0,"href":"https:\/\/hotelcynamon.pl\/en\/wp-json\/wp\/v2\/pages\/158757\/revisions"}],"wp:attachment":[{"href":"https:\/\/hotelcynamon.pl\/en\/wp-json\/wp\/v2\/media?parent=158757"}],"curies":[{"name":"wp","href":"https:\/\/api.w.org\/{rel}","templated":true}]}}